{"id":2963,"date":"2023-12-06T09:42:42","date_gmt":"2023-12-06T08:42:42","guid":{"rendered":"https:\/\/ddl-test.itdev.com.pl?page_id=2963"},"modified":"2024-08-29T07:34:43","modified_gmt":"2024-08-29T05:34:43","slug":"it-dev-cyfrowe-miejsce-pracy","status":"publish","type":"page","link":"https:\/\/ddl-test.itdev.com.pl\/pl","title":{"rendered":"Digital Dexterity Labs"},"content":{"rendered":"","protected":false},"excerpt":{"rendered":"","protected":false},"author":4,"featured_media":0,"parent":0,"menu_order":0,"comment_status":"closed","ping_status":"closed","template":"templates\/page-home.php","meta":{"inline_featured_image":false,"footnotes":""},"class_list":["post-2963","page","type-page","status-publish","hentry"],"yoast_head":"<!-- This site is optimized with the Yoast SEO plugin v27.4 - https:\/\/yoast.com\/product\/yoast-seo-wordpress\/ -->\n<title>Digital Dexterity Labs | Digital Dexterity Labs<\/title>\n<meta name=\"description\" content=\"Wraz z naszym zespo\u0142em ekspert\u00f3w mo\u017cesz tworzy\u0107 inkluzywne cyfrowe miejsce pracy, wspierane sztuczn\u0105 inteligencj\u0105, dopasowane do Twoich indywidualnych potrzeb, wzmacniaj\u0105ce poczucie celu oraz k\u0142ad\u0105ce priorytet na dobre samopoczucie pracownik\u00f3w.\" \/>\n<meta name=\"robots\" content=\"index, follow, max-snippet:-1, max-image-preview:large, max-video-preview:-1\" \/>\n<link rel=\"canonical\" href=\"https:\/\/ddl-test.itdev.com.pl\/pl\" \/>\n<meta property=\"og:locale\" content=\"pl_PL\" \/>\n<meta property=\"og:type\" content=\"article\" \/>\n<meta property=\"og:title\" content=\"Digital Dexterity Labs | Digital Dexterity Labs\" \/>\n<meta property=\"og:description\" content=\"Wraz z naszym zespo\u0142em ekspert\u00f3w mo\u017cesz tworzy\u0107 inkluzywne cyfrowe miejsce pracy, wspierane sztuczn\u0105 inteligencj\u0105, dopasowane do Twoich indywidualnych potrzeb, wzmacniaj\u0105ce poczucie celu oraz k\u0142ad\u0105ce priorytet na dobre samopoczucie pracownik\u00f3w.\" \/>\n<meta property=\"og:url\" content=\"https:\/\/ddl-test.itdev.com.pl\/pl\" \/>\n<meta property=\"og:site_name\" content=\"Digital Dexterity Labs\" \/>\n<meta property=\"article:publisher\" content=\"https:\/\/www.facebook.com\/DigitalDexterityLabs\/\" \/>\n<meta property=\"article:modified_time\" content=\"2024-08-29T05:34:43+00:00\" \/>\n<meta name=\"twitter:card\" content=\"summary_large_image\" \/>\n<meta name=\"twitter:site\" content=\"@DexterityLabs\" \/>\n<script type=\"application\/ld+json\" class=\"yoast-schema-graph\">{\"@context\":\"https:\\\/\\\/schema.org\",\"@graph\":[{\"@type\":\"WebPage\",\"@id\":\"https:\\\/\\\/ddl-test.itdev.com.pl\\\/pl\",\"url\":\"https:\\\/\\\/ddl-test.itdev.com.pl\\\/pl\",\"name\":\"Digital Dexterity Labs | Digital Dexterity Labs\",\"isPartOf\":{\"@id\":\"https:\\\/\\\/ddl-test.itdev.com.pl\\\/pl\\\/#website\"},\"datePublished\":\"2023-12-06T08:42:42+00:00\",\"dateModified\":\"2024-08-29T05:34:43+00:00\",\"description\":\"Wraz z naszym zespo\u0142em ekspert\u00f3w mo\u017cesz tworzy\u0107 inkluzywne cyfrowe miejsce pracy, wspierane sztuczn\u0105 inteligencj\u0105, dopasowane do Twoich indywidualnych potrzeb, wzmacniaj\u0105ce poczucie celu oraz k\u0142ad\u0105ce priorytet na dobre samopoczucie pracownik\u00f3w.\",\"breadcrumb\":{\"@id\":\"https:\\\/\\\/ddl-test.itdev.com.pl\\\/pl#breadcrumb\"},\"inLanguage\":\"pl-PL\",\"potentialAction\":[{\"@type\":\"ReadAction\",\"target\":[\"https:\\\/\\\/ddl-test.itdev.com.pl\\\/pl\"]}]},{\"@type\":\"BreadcrumbList\",\"@id\":\"https:\\\/\\\/ddl-test.itdev.com.pl\\\/pl#breadcrumb\",\"itemListElement\":[{\"@type\":\"ListItem\",\"position\":1,\"name\":\"Strona g\u0142\u00f3wna\",\"item\":\"https:\\\/\\\/ddl-test.itdev.com.pl\\\/pl\"},{\"@type\":\"ListItem\",\"position\":2,\"name\":\"Digital Dexterity Labs\"}]},{\"@type\":\"WebSite\",\"@id\":\"https:\\\/\\\/ddl-test.itdev.com.pl\\\/pl\\\/#website\",\"url\":\"https:\\\/\\\/ddl-test.itdev.com.pl\\\/pl\\\/\",\"name\":\"Digital Dexterity Labs\",\"description\":\"Digital Community\",\"publisher\":{\"@id\":\"https:\\\/\\\/ddl-test.itdev.com.pl\\\/pl\\\/#organization\"},\"potentialAction\":[{\"@type\":\"SearchAction\",\"target\":{\"@type\":\"EntryPoint\",\"urlTemplate\":\"https:\\\/\\\/ddl-test.itdev.com.pl\\\/pl\\\/?s={search_term_string}\"},\"query-input\":{\"@type\":\"PropertyValueSpecification\",\"valueRequired\":true,\"valueName\":\"search_term_string\"}}],\"inLanguage\":\"pl-PL\"},{\"@type\":\"Organization\",\"@id\":\"https:\\\/\\\/ddl-test.itdev.com.pl\\\/pl\\\/#organization\",\"name\":\"Digital Dexterity Labs\",\"url\":\"https:\\\/\\\/ddl-test.itdev.com.pl\\\/pl\\\/\",\"logo\":{\"@type\":\"ImageObject\",\"inLanguage\":\"pl-PL\",\"@id\":\"https:\\\/\\\/ddl-test.itdev.com.pl\\\/pl\\\/#\\\/schema\\\/logo\\\/image\\\/\",\"url\":\"https:\\\/\\\/ddl-test.itdev.com.plwp-content\\\/uploads\\\/2024\\\/07\\\/digital-dexterity-labs-logo.svg\",\"contentUrl\":\"https:\\\/\\\/ddl-test.itdev.com.plwp-content\\\/uploads\\\/2024\\\/07\\\/digital-dexterity-labs-logo.svg\",\"width\":100,\"height\":100,\"caption\":\"Digital Dexterity Labs\"},\"image\":{\"@id\":\"https:\\\/\\\/ddl-test.itdev.com.pl\\\/pl\\\/#\\\/schema\\\/logo\\\/image\\\/\"},\"sameAs\":[\"https:\\\/\\\/www.facebook.com\\\/DigitalDexterityLabs\\\/\",\"https:\\\/\\\/x.com\\\/DexterityLabs\",\"https:\\\/\\\/www.linkedin.com\\\/company\\\/42418242\",\"https:\\\/\\\/www.youtube.com\\\/channel\\\/UCALBkEZ0YpXB1wuessassZw\\\/featured\",\"https:\\\/\\\/www.instagram.com\\\/digitaldexteritylabs\\\/\"]}]}<\/script>\n<!-- \/ Yoast SEO plugin. -->","yoast_head_json":{"title":"Digital Dexterity Labs | Digital Dexterity Labs","description":"Wraz z naszym zespo\u0142em ekspert\u00f3w mo\u017cesz tworzy\u0107 inkluzywne cyfrowe miejsce pracy, wspierane sztuczn\u0105 inteligencj\u0105, dopasowane do Twoich indywidualnych potrzeb, wzmacniaj\u0105ce poczucie celu oraz k\u0142ad\u0105ce priorytet na dobre samopoczucie pracownik\u00f3w.","robots":{"index":"index","follow":"follow","max-snippet":"max-snippet:-1","max-image-preview":"max-image-preview:large","max-video-preview":"max-video-preview:-1"},"canonical":"https:\/\/ddl-test.itdev.com.pl\/pl","og_locale":"pl_PL","og_type":"article","og_title":"Digital Dexterity Labs | Digital Dexterity Labs","og_description":"Wraz z naszym zespo\u0142em ekspert\u00f3w mo\u017cesz tworzy\u0107 inkluzywne cyfrowe miejsce pracy, wspierane sztuczn\u0105 inteligencj\u0105, dopasowane do Twoich indywidualnych potrzeb, wzmacniaj\u0105ce poczucie celu oraz k\u0142ad\u0105ce priorytet na dobre samopoczucie pracownik\u00f3w.","og_url":"https:\/\/ddl-test.itdev.com.pl\/pl","og_site_name":"Digital Dexterity Labs","article_publisher":"https:\/\/www.facebook.com\/DigitalDexterityLabs\/","article_modified_time":"2024-08-29T05:34:43+00:00","twitter_card":"summary_large_image","twitter_site":"@DexterityLabs","schema":{"@context":"https:\/\/schema.org","@graph":[{"@type":"WebPage","@id":"https:\/\/ddl-test.itdev.com.pl\/pl","url":"https:\/\/ddl-test.itdev.com.pl\/pl","name":"Digital Dexterity Labs | Digital Dexterity Labs","isPartOf":{"@id":"https:\/\/ddl-test.itdev.com.pl\/pl\/#website"},"datePublished":"2023-12-06T08:42:42+00:00","dateModified":"2024-08-29T05:34:43+00:00","description":"Wraz z naszym zespo\u0142em ekspert\u00f3w mo\u017cesz tworzy\u0107 inkluzywne cyfrowe miejsce pracy, wspierane sztuczn\u0105 inteligencj\u0105, dopasowane do Twoich indywidualnych potrzeb, wzmacniaj\u0105ce poczucie celu oraz k\u0142ad\u0105ce priorytet na dobre samopoczucie pracownik\u00f3w.","breadcrumb":{"@id":"https:\/\/ddl-test.itdev.com.pl\/pl#breadcrumb"},"inLanguage":"pl-PL","potentialAction":[{"@type":"ReadAction","target":["https:\/\/ddl-test.itdev.com.pl\/pl"]}]},{"@type":"BreadcrumbList","@id":"https:\/\/ddl-test.itdev.com.pl\/pl#breadcrumb","itemListElement":[{"@type":"ListItem","position":1,"name":"Strona g\u0142\u00f3wna","item":"https:\/\/ddl-test.itdev.com.pl\/pl"},{"@type":"ListItem","position":2,"name":"Digital Dexterity Labs"}]},{"@type":"WebSite","@id":"https:\/\/ddl-test.itdev.com.pl\/pl\/#website","url":"https:\/\/ddl-test.itdev.com.pl\/pl\/","name":"Digital Dexterity Labs","description":"Digital Community","publisher":{"@id":"https:\/\/ddl-test.itdev.com.pl\/pl\/#organization"},"potentialAction":[{"@type":"SearchAction","target":{"@type":"EntryPoint","urlTemplate":"https:\/\/ddl-test.itdev.com.pl\/pl\/?s={search_term_string}"},"query-input":{"@type":"PropertyValueSpecification","valueRequired":true,"valueName":"search_term_string"}}],"inLanguage":"pl-PL"},{"@type":"Organization","@id":"https:\/\/ddl-test.itdev.com.pl\/pl\/#organization","name":"Digital Dexterity Labs","url":"https:\/\/ddl-test.itdev.com.pl\/pl\/","logo":{"@type":"ImageObject","inLanguage":"pl-PL","@id":"https:\/\/ddl-test.itdev.com.pl\/pl\/#\/schema\/logo\/image\/","url":"https:\/\/ddl-test.itdev.com.plwp-content\/uploads\/2024\/07\/digital-dexterity-labs-logo.svg","contentUrl":"https:\/\/ddl-test.itdev.com.plwp-content\/uploads\/2024\/07\/digital-dexterity-labs-logo.svg","width":100,"height":100,"caption":"Digital Dexterity Labs"},"image":{"@id":"https:\/\/ddl-test.itdev.com.pl\/pl\/#\/schema\/logo\/image\/"},"sameAs":["https:\/\/www.facebook.com\/DigitalDexterityLabs\/","https:\/\/x.com\/DexterityLabs","https:\/\/www.linkedin.com\/company\/42418242","https:\/\/www.youtube.com\/channel\/UCALBkEZ0YpXB1wuessassZw\/featured","https:\/\/www.instagram.com\/digitaldexteritylabs\/"]}]}},"acf":[],"_links":{"self":[{"href":"https:\/\/ddl-test.itdev.com.pl\/pl\/wp-json\/wp\/v2\/pages\/2963","targetHints":{"allow":["GET"]}}],"collection":[{"href":"https:\/\/ddl-test.itdev.com.pl\/pl\/wp-json\/wp\/v2\/pages"}],"about":[{"href":"https:\/\/ddl-test.itdev.com.pl\/pl\/wp-json\/wp\/v2\/types\/page"}],"author":[{"embeddable":true,"href":"https:\/\/ddl-test.itdev.com.pl\/pl\/wp-json\/wp\/v2\/users\/4"}],"replies":[{"embeddable":true,"href":"https:\/\/ddl-test.itdev.com.pl\/pl\/wp-json\/wp\/v2\/comments?post=2963"}],"version-history":[{"count":3,"href":"https:\/\/ddl-test.itdev.com.pl\/pl\/wp-json\/wp\/v2\/pages\/2963\/revisions"}],"predecessor-version":[{"id":4956,"href":"https:\/\/ddl-test.itdev.com.pl\/pl\/wp-json\/wp\/v2\/pages\/2963\/revisions\/4956"}],"wp:attachment":[{"href":"https:\/\/ddl-test.itdev.com.pl\/pl\/wp-json\/wp\/v2\/media?parent=2963"}],"curies":[{"name":"wp","href":"https:\/\/api.w.org\/{rel}","templated":true}]}}