{"id":2372,"date":"2023-07-27T10:20:51","date_gmt":"2023-07-27T08:20:51","guid":{"rendered":"https:\/\/ddl-test.itdev.com.pl?page_id=2372"},"modified":"2025-01-30T14:34:57","modified_gmt":"2025-01-30T13:34:57","slug":"o-nas","status":"publish","type":"page","link":"https:\/\/ddl-test.itdev.com.pl\/pl\/o-nas","title":{"rendered":"O nas"},"content":{"rendered":"\n<figure class=\"wp-block-image size-full is-style-default\"><img loading=\"lazy\" decoding=\"async\" width=\"2400\" height=\"800\" src=\"https:\/\/ddl-test.itdev.com.plwp-content\/uploads\/2025\/01\/about-ddl.jpg\" alt=\"\" class=\"wp-image-5229\" srcset=\"https:\/\/ddl-test.itdev.com.pl\/wp-content\/uploads\/2025\/01\/about-ddl.jpg 2400w, https:\/\/ddl-test.itdev.com.pl\/wp-content\/uploads\/2025\/01\/about-ddl-300x100.jpg 300w, https:\/\/ddl-test.itdev.com.pl\/wp-content\/uploads\/2025\/01\/about-ddl-800x267.jpg 800w, https:\/\/ddl-test.itdev.com.pl\/wp-content\/uploads\/2025\/01\/about-ddl-768x256.jpg 768w, https:\/\/ddl-test.itdev.com.pl\/wp-content\/uploads\/2025\/01\/about-ddl-1536x512.jpg 1536w, https:\/\/ddl-test.itdev.com.pl\/wp-content\/uploads\/2025\/01\/about-ddl-2048x683.jpg 2048w, https:\/\/ddl-test.itdev.com.pl\/wp-content\/uploads\/2025\/01\/about-ddl-910x303.jpg 910w, https:\/\/ddl-test.itdev.com.pl\/wp-content\/uploads\/2025\/01\/about-ddl-1820x607.jpg 1820w, https:\/\/ddl-test.itdev.com.pl\/wp-content\/uploads\/2025\/01\/about-ddl-700x233.jpg 700w, https:\/\/ddl-test.itdev.com.pl\/wp-content\/uploads\/2025\/01\/about-ddl-1400x467.jpg 1400w, https:\/\/ddl-test.itdev.com.pl\/wp-content\/uploads\/2025\/01\/about-ddl-473x158.jpg 473w, https:\/\/ddl-test.itdev.com.pl\/wp-content\/uploads\/2025\/01\/about-ddl-946x315.jpg 946w, https:\/\/ddl-test.itdev.com.pl\/wp-content\/uploads\/2025\/01\/about-ddl-410x137.jpg 410w, https:\/\/ddl-test.itdev.com.pl\/wp-content\/uploads\/2025\/01\/about-ddl-820x273.jpg 820w\" sizes=\"auto, (max-width: 2400px) 100vw, 2400px\" \/><\/figure>\n\n\n\n<div style=\"height:50px\" aria-hidden=\"true\" class=\"wp-block-spacer\"><\/div>\n\n\n\n<p class=\"has-text-align-left has-medium-font-size\">DDL to zgrana paczka pasjonat\u00f3w technologii, kt\u00f3rzy kochaj\u0105 <strong>optymalizowa\u0107 cyfrowe miejsca pracy<\/strong>. Mo\u017cna powiedzie\u0107, \u017ce chmura Microsoft to nasz plac zabaw, a SharePoint to ulubiona piaskownica, w kt\u00f3rej od lat budujemy rozwi\u0105zania.<\/p>\n\n\n\n<div style=\"height:50px\" aria-hidden=\"true\" class=\"wp-block-spacer\"><\/div>\n\n\n\n<div class=\"wp-block-columns is-layout-flex wp-container-core-columns-is-layout-9d6595d7 wp-block-columns-is-layout-flex\">\n<div class=\"wp-block-column is-layout-flow wp-block-column-is-layout-flow\">\n<p>Razem dbamy o to, aby procesy firmowe w przestrzeni wirtualnej mog\u0142y przebiega\u0107 <strong>szybko, skutecznie i bezproblemowo<\/strong>. Dziel\u0105c si\u0119 wiedz\u0105 i do\u015bwiadczeniami, tworzymy wyj\u0105tkowe grono mi\u0142o\u015bnik\u00f3w nowoczesnych narz\u0119dzi online. Uwielbiamy rozmawia\u0107 o tym, jak mo\u017cna uczyni\u0107 prac\u0119<strong> \u0142atwiejsz\u0105, bezpieczniejsz\u0105 i bez ogranicze\u0144 w dzieleniu si\u0119 informacjami<\/strong>.&nbsp;<\/p>\n<\/div>\n\n\n\n<div class=\"wp-block-column is-layout-flow wp-block-column-is-layout-flow\">\n<p>Digital Dexterity Labs tworzy te\u017c sporo <strong>edukacyjnego contentu<\/strong>, kt\u00f3ry pokazuje mo\u017cliwo\u015bci cyfrowych narz\u0119dzi: od rolek, przez webinary, a\u017c po prezentacje na \u017cywo! Mo\u017cna spotka\u0107 nas na r\u00f3\u017cnorodnych<strong> konferencjach <\/strong>&#8211; szczeg\u00f3lnie tych dla fan\u00f3w rozwi\u0105za\u0144 Microsoft. Tam, gdzie cyfrowe miejsca pracy s\u0105 na tapecie, jeste\u015bmy i my, gotowi podzieli\u0107 si\u0119 wiedz\u0105.&nbsp;<\/p>\n<\/div>\n<\/div>\n\n\n\n<div class=\"wp-block-columns is-layout-flex wp-container-core-columns-is-layout-9d6595d7 wp-block-columns-is-layout-flex\">\n<div class=\"wp-block-column is-layout-flow wp-block-column-is-layout-flow\" style=\"flex-basis:25%\"><\/div>\n\n\n\n<div class=\"wp-block-column set-as-panel has-white-background-color has-background is-layout-flow wp-block-column-is-layout-flow\" style=\"flex-basis:50%\">\n<p class=\"has-text-align-center h4 strong\">Masz pytania? Nie wahaj si\u0119 i &#8230;<\/p>\n\n\n\n<p class=\"has-text-align-center p-button glass\"><a href=\"https:\/\/ddl-test.itdev.com.pl\/pl\/kontakt\" target=\"_blank\" rel=\"noreferrer noopener\">Napisz do nas!<\/a><\/p>\n<\/div>\n\n\n\n<div class=\"wp-block-column is-layout-flow wp-block-column-is-layout-flow\" style=\"flex-basis:25%\"><\/div>\n<\/div>\n\n\n\n<p><\/p>\n","protected":false},"excerpt":{"rendered":"<p>DDL to zgrana paczka pasjonat\u00f3w technologii, kt\u00f3rzy kochaj\u0105 optymalizowa\u0107 cyfrowe miejsca pracy. Mo\u017cna powiedzie\u0107, \u017ce chmura Microsoft to nasz plac zabaw, a SharePoint to ulubiona piaskownica, w kt\u00f3rej od lat budujemy rozwi\u0105zania. Razem dbamy o to, aby procesy firmowe w przestrzeni wirtualnej mog\u0142y przebiega\u0107 szybko, skutecznie i bezproblemowo. Dziel\u0105c si\u0119 wiedz\u0105 i do\u015bwiadczeniami, tworzymy wyj\u0105tkowe<a class=\"excerpt-read-more\" href=\"https:\/\/ddl-test.itdev.com.pl\/pl\/o-nas\" title=\"ReadO nas\">&#8230; Read more &raquo;<\/a><\/p>\n","protected":false},"author":12,"featured_media":0,"parent":0,"menu_order":0,"comment_status":"closed","ping_status":"closed","template":"templates\/page-about-us.php","meta":{"inline_featured_image":false,"footnotes":""},"class_list":["post-2372","page","type-page","status-publish","hentry"],"yoast_head":"<!-- This site is optimized with the Yoast SEO plugin v27.4 - https:\/\/yoast.com\/product\/yoast-seo-wordpress\/ -->\n<title>O nas | Digital Dexterity Labs<\/title>\n<meta name=\"description\" content=\"Poznaj nas! IT-Dev to wiod\u0105cy innowator w intranetach firmowych i cyfrowych miejscach pracy. Dowiedz si\u0119 o naszym transformacyjnym podej\u015bciu!\" \/>\n<meta name=\"robots\" content=\"index, follow, max-snippet:-1, max-image-preview:large, max-video-preview:-1\" \/>\n<link rel=\"canonical\" href=\"https:\/\/ddl-test.itdev.com.pl\/pl\/o-nas\" \/>\n<meta property=\"og:locale\" content=\"pl_PL\" \/>\n<meta property=\"og:type\" content=\"article\" \/>\n<meta property=\"og:title\" content=\"O nas | Digital Dexterity Labs\" \/>\n<meta property=\"og:description\" content=\"Poznaj nas! IT-Dev to wiod\u0105cy innowator w intranetach firmowych i cyfrowych miejscach pracy. Dowiedz si\u0119 o naszym transformacyjnym podej\u015bciu!\" \/>\n<meta property=\"og:url\" content=\"https:\/\/ddl-test.itdev.com.pl\/pl\/o-nas\" \/>\n<meta property=\"og:site_name\" content=\"Digital Dexterity Labs\" \/>\n<meta property=\"article:publisher\" content=\"https:\/\/www.facebook.com\/DigitalDexterityLabs\/\" \/>\n<meta property=\"article:modified_time\" content=\"2025-01-30T13:34:57+00:00\" \/>\n<meta property=\"og:image\" content=\"https:\/\/ddl-test.itdev.com.plwp-content\/uploads\/2025\/01\/about-ddl.jpg\" \/>\n<meta name=\"twitter:card\" content=\"summary_large_image\" \/>\n<meta name=\"twitter:site\" content=\"@DexterityLabs\" \/>\n<meta name=\"twitter:label1\" content=\"Szacowany czas czytania\" \/>\n\t<meta name=\"twitter:data1\" content=\"1 minuta\" \/>\n<script type=\"application\/ld+json\" class=\"yoast-schema-graph\">{\"@context\":\"https:\\\/\\\/schema.org\",\"@graph\":[{\"@type\":\"WebPage\",\"@id\":\"https:\\\/\\\/ddl-test.itdev.com.pl\\\/pl\\\/o-nas\",\"url\":\"https:\\\/\\\/ddl-test.itdev.com.pl\\\/pl\\\/o-nas\",\"name\":\"O nas | Digital Dexterity Labs\",\"isPartOf\":{\"@id\":\"https:\\\/\\\/ddl-test.itdev.com.pl\\\/pl\\\/#website\"},\"primaryImageOfPage\":{\"@id\":\"https:\\\/\\\/ddl-test.itdev.com.pl\\\/pl\\\/o-nas#primaryimage\"},\"image\":{\"@id\":\"https:\\\/\\\/ddl-test.itdev.com.pl\\\/pl\\\/o-nas#primaryimage\"},\"thumbnailUrl\":\"https:\\\/\\\/ddl-test.itdev.com.plwp-content\\\/uploads\\\/2025\\\/01\\\/about-ddl.jpg\",\"datePublished\":\"2023-07-27T08:20:51+00:00\",\"dateModified\":\"2025-01-30T13:34:57+00:00\",\"description\":\"Poznaj nas! IT-Dev to wiod\u0105cy innowator w intranetach firmowych i cyfrowych miejscach pracy. Dowiedz si\u0119 o naszym transformacyjnym podej\u015bciu!\",\"breadcrumb\":{\"@id\":\"https:\\\/\\\/ddl-test.itdev.com.pl\\\/pl\\\/o-nas#breadcrumb\"},\"inLanguage\":\"pl-PL\",\"potentialAction\":[{\"@type\":\"ReadAction\",\"target\":[\"https:\\\/\\\/ddl-test.itdev.com.pl\\\/pl\\\/o-nas\"]}]},{\"@type\":\"ImageObject\",\"inLanguage\":\"pl-PL\",\"@id\":\"https:\\\/\\\/ddl-test.itdev.com.pl\\\/pl\\\/o-nas#primaryimage\",\"url\":\"https:\\\/\\\/ddl-test.itdev.com.plwp-content\\\/uploads\\\/2025\\\/01\\\/about-ddl.jpg\",\"contentUrl\":\"https:\\\/\\\/ddl-test.itdev.com.plwp-content\\\/uploads\\\/2025\\\/01\\\/about-ddl.jpg\"},{\"@type\":\"BreadcrumbList\",\"@id\":\"https:\\\/\\\/ddl-test.itdev.com.pl\\\/pl\\\/o-nas#breadcrumb\",\"itemListElement\":[{\"@type\":\"ListItem\",\"position\":1,\"name\":\"Strona g\u0142\u00f3wna\",\"item\":\"https:\\\/\\\/ddl-test.itdev.com.pl\\\/pl\"},{\"@type\":\"ListItem\",\"position\":2,\"name\":\"O nas\"}]},{\"@type\":\"WebSite\",\"@id\":\"https:\\\/\\\/ddl-test.itdev.com.pl\\\/pl\\\/#website\",\"url\":\"https:\\\/\\\/ddl-test.itdev.com.pl\\\/pl\\\/\",\"name\":\"Digital Dexterity Labs\",\"description\":\"Digital Community\",\"publisher\":{\"@id\":\"https:\\\/\\\/ddl-test.itdev.com.pl\\\/pl\\\/#organization\"},\"potentialAction\":[{\"@type\":\"SearchAction\",\"target\":{\"@type\":\"EntryPoint\",\"urlTemplate\":\"https:\\\/\\\/ddl-test.itdev.com.pl\\\/pl\\\/?s={search_term_string}\"},\"query-input\":{\"@type\":\"PropertyValueSpecification\",\"valueRequired\":true,\"valueName\":\"search_term_string\"}}],\"inLanguage\":\"pl-PL\"},{\"@type\":\"Organization\",\"@id\":\"https:\\\/\\\/ddl-test.itdev.com.pl\\\/pl\\\/#organization\",\"name\":\"Digital Dexterity Labs\",\"url\":\"https:\\\/\\\/ddl-test.itdev.com.pl\\\/pl\\\/\",\"logo\":{\"@type\":\"ImageObject\",\"inLanguage\":\"pl-PL\",\"@id\":\"https:\\\/\\\/ddl-test.itdev.com.pl\\\/pl\\\/#\\\/schema\\\/logo\\\/image\\\/\",\"url\":\"https:\\\/\\\/ddl-test.itdev.com.plwp-content\\\/uploads\\\/2024\\\/07\\\/digital-dexterity-labs-logo.svg\",\"contentUrl\":\"https:\\\/\\\/ddl-test.itdev.com.plwp-content\\\/uploads\\\/2024\\\/07\\\/digital-dexterity-labs-logo.svg\",\"width\":100,\"height\":100,\"caption\":\"Digital Dexterity Labs\"},\"image\":{\"@id\":\"https:\\\/\\\/ddl-test.itdev.com.pl\\\/pl\\\/#\\\/schema\\\/logo\\\/image\\\/\"},\"sameAs\":[\"https:\\\/\\\/www.facebook.com\\\/DigitalDexterityLabs\\\/\",\"https:\\\/\\\/x.com\\\/DexterityLabs\",\"https:\\\/\\\/www.linkedin.com\\\/company\\\/42418242\",\"https:\\\/\\\/www.youtube.com\\\/channel\\\/UCALBkEZ0YpXB1wuessassZw\\\/featured\",\"https:\\\/\\\/www.instagram.com\\\/digitaldexteritylabs\\\/\"]}]}<\/script>\n<!-- \/ Yoast SEO plugin. -->","yoast_head_json":{"title":"O nas | Digital Dexterity Labs","description":"Poznaj nas! IT-Dev to wiod\u0105cy innowator w intranetach firmowych i cyfrowych miejscach pracy. Dowiedz si\u0119 o naszym transformacyjnym podej\u015bciu!","robots":{"index":"index","follow":"follow","max-snippet":"max-snippet:-1","max-image-preview":"max-image-preview:large","max-video-preview":"max-video-preview:-1"},"canonical":"https:\/\/ddl-test.itdev.com.pl\/pl\/o-nas","og_locale":"pl_PL","og_type":"article","og_title":"O nas | Digital Dexterity Labs","og_description":"Poznaj nas! IT-Dev to wiod\u0105cy innowator w intranetach firmowych i cyfrowych miejscach pracy. Dowiedz si\u0119 o naszym transformacyjnym podej\u015bciu!","og_url":"https:\/\/ddl-test.itdev.com.pl\/pl\/o-nas","og_site_name":"Digital Dexterity Labs","article_publisher":"https:\/\/www.facebook.com\/DigitalDexterityLabs\/","article_modified_time":"2025-01-30T13:34:57+00:00","og_image":[{"url":"https:\/\/ddl-test.itdev.com.plwp-content\/uploads\/2025\/01\/about-ddl.jpg","type":"","width":"","height":""}],"twitter_card":"summary_large_image","twitter_site":"@DexterityLabs","twitter_misc":{"Szacowany czas czytania":"1 minuta"},"schema":{"@context":"https:\/\/schema.org","@graph":[{"@type":"WebPage","@id":"https:\/\/ddl-test.itdev.com.pl\/pl\/o-nas","url":"https:\/\/ddl-test.itdev.com.pl\/pl\/o-nas","name":"O nas | Digital Dexterity Labs","isPartOf":{"@id":"https:\/\/ddl-test.itdev.com.pl\/pl\/#website"},"primaryImageOfPage":{"@id":"https:\/\/ddl-test.itdev.com.pl\/pl\/o-nas#primaryimage"},"image":{"@id":"https:\/\/ddl-test.itdev.com.pl\/pl\/o-nas#primaryimage"},"thumbnailUrl":"https:\/\/ddl-test.itdev.com.plwp-content\/uploads\/2025\/01\/about-ddl.jpg","datePublished":"2023-07-27T08:20:51+00:00","dateModified":"2025-01-30T13:34:57+00:00","description":"Poznaj nas! IT-Dev to wiod\u0105cy innowator w intranetach firmowych i cyfrowych miejscach pracy. Dowiedz si\u0119 o naszym transformacyjnym podej\u015bciu!","breadcrumb":{"@id":"https:\/\/ddl-test.itdev.com.pl\/pl\/o-nas#breadcrumb"},"inLanguage":"pl-PL","potentialAction":[{"@type":"ReadAction","target":["https:\/\/ddl-test.itdev.com.pl\/pl\/o-nas"]}]},{"@type":"ImageObject","inLanguage":"pl-PL","@id":"https:\/\/ddl-test.itdev.com.pl\/pl\/o-nas#primaryimage","url":"https:\/\/ddl-test.itdev.com.plwp-content\/uploads\/2025\/01\/about-ddl.jpg","contentUrl":"https:\/\/ddl-test.itdev.com.plwp-content\/uploads\/2025\/01\/about-ddl.jpg"},{"@type":"BreadcrumbList","@id":"https:\/\/ddl-test.itdev.com.pl\/pl\/o-nas#breadcrumb","itemListElement":[{"@type":"ListItem","position":1,"name":"Strona g\u0142\u00f3wna","item":"https:\/\/ddl-test.itdev.com.pl\/pl"},{"@type":"ListItem","position":2,"name":"O nas"}]},{"@type":"WebSite","@id":"https:\/\/ddl-test.itdev.com.pl\/pl\/#website","url":"https:\/\/ddl-test.itdev.com.pl\/pl\/","name":"Digital Dexterity Labs","description":"Digital Community","publisher":{"@id":"https:\/\/ddl-test.itdev.com.pl\/pl\/#organization"},"potentialAction":[{"@type":"SearchAction","target":{"@type":"EntryPoint","urlTemplate":"https:\/\/ddl-test.itdev.com.pl\/pl\/?s={search_term_string}"},"query-input":{"@type":"PropertyValueSpecification","valueRequired":true,"valueName":"search_term_string"}}],"inLanguage":"pl-PL"},{"@type":"Organization","@id":"https:\/\/ddl-test.itdev.com.pl\/pl\/#organization","name":"Digital Dexterity Labs","url":"https:\/\/ddl-test.itdev.com.pl\/pl\/","logo":{"@type":"ImageObject","inLanguage":"pl-PL","@id":"https:\/\/ddl-test.itdev.com.pl\/pl\/#\/schema\/logo\/image\/","url":"https:\/\/ddl-test.itdev.com.plwp-content\/uploads\/2024\/07\/digital-dexterity-labs-logo.svg","contentUrl":"https:\/\/ddl-test.itdev.com.plwp-content\/uploads\/2024\/07\/digital-dexterity-labs-logo.svg","width":100,"height":100,"caption":"Digital Dexterity Labs"},"image":{"@id":"https:\/\/ddl-test.itdev.com.pl\/pl\/#\/schema\/logo\/image\/"},"sameAs":["https:\/\/www.facebook.com\/DigitalDexterityLabs\/","https:\/\/x.com\/DexterityLabs","https:\/\/www.linkedin.com\/company\/42418242","https:\/\/www.youtube.com\/channel\/UCALBkEZ0YpXB1wuessassZw\/featured","https:\/\/www.instagram.com\/digitaldexteritylabs\/"]}]}},"acf":{"tytul_strony":"<h1 style=\"color: #0e2773; text-align: center;\">O nas<\/h1>\n","opis_strony":"<p class=\"h4\" style=\"text-align: center; color: #444444;\">Witaj w wirtualnej siedzibie Digital Dexterity Labs!<\/p>\n"},"_links":{"self":[{"href":"https:\/\/ddl-test.itdev.com.pl\/pl\/wp-json\/wp\/v2\/pages\/2372","targetHints":{"allow":["GET"]}}],"collection":[{"href":"https:\/\/ddl-test.itdev.com.pl\/pl\/wp-json\/wp\/v2\/pages"}],"about":[{"href":"https:\/\/ddl-test.itdev.com.pl\/pl\/wp-json\/wp\/v2\/types\/page"}],"author":[{"embeddable":true,"href":"https:\/\/ddl-test.itdev.com.pl\/pl\/wp-json\/wp\/v2\/users\/12"}],"replies":[{"embeddable":true,"href":"https:\/\/ddl-test.itdev.com.pl\/pl\/wp-json\/wp\/v2\/comments?post=2372"}],"version-history":[{"count":63,"href":"https:\/\/ddl-test.itdev.com.pl\/pl\/wp-json\/wp\/v2\/pages\/2372\/revisions"}],"predecessor-version":[{"id":5242,"href":"https:\/\/ddl-test.itdev.com.pl\/pl\/wp-json\/wp\/v2\/pages\/2372\/revisions\/5242"}],"wp:attachment":[{"href":"https:\/\/ddl-test.itdev.com.pl\/pl\/wp-json\/wp\/v2\/media?parent=2372"}],"curies":[{"name":"wp","href":"https:\/\/api.w.org\/{rel}","templated":true}]}}