{"id":2365,"date":"2023-09-13T09:49:00","date_gmt":"2023-09-13T07:49:00","guid":{"rendered":"https:\/\/ddl-test.itdev.com.pl?page_id=2365"},"modified":"2025-01-31T09:56:49","modified_gmt":"2025-01-31T08:56:49","slug":"kontakt","status":"publish","type":"page","link":"https:\/\/ddl-test.itdev.com.pl\/pl\/kontakt","title":{"rendered":"Kontakt"},"content":{"rendered":"\n<div class=\"wpcf7 no-js\" id=\"wpcf7-f2375-o1\" lang=\"pl-PL\" dir=\"ltr\" data-wpcf7-id=\"2375\">\n<div class=\"screen-reader-response\"><p role=\"status\" aria-live=\"polite\" aria-atomic=\"true\"><\/p> <ul><\/ul><\/div>\n<form action=\"\/pl\/wp-json\/wp\/v2\/pages\/2365#wpcf7-f2375-o1\" method=\"post\" class=\"wpcf7-form init\" aria-label=\"Formularz kontaktowy\" novalidate=\"novalidate\" data-status=\"init\">\n<fieldset class=\"hidden-fields-container\"><input type=\"hidden\" name=\"_wpcf7\" value=\"2375\" \/><input type=\"hidden\" name=\"_wpcf7_version\" value=\"6.1.5\" \/><input type=\"hidden\" name=\"_wpcf7_locale\" value=\"pl_PL\" \/><input type=\"hidden\" name=\"_wpcf7_unit_tag\" value=\"wpcf7-f2375-o1\" \/><input type=\"hidden\" name=\"_wpcf7_container_post\" value=\"0\" \/><input type=\"hidden\" name=\"_wpcf7_posted_data_hash\" value=\"\" \/><input type=\"hidden\" name=\"_wpcf7dtx_version\" value=\"5.0.5\" \/>\n<\/fieldset>\n<p><label class=\"wpcf7-form-control-wrap-handler\"><span class=\"label-handler\">Imi\u0119 i nazwisko *<\/span><span class=\"wpcf7-form-control-wrap\" data-name=\"your-name\"><input size=\"40\" maxlength=\"400\" class=\"wpcf7-form-control wpcf7-text wpcf7-validates-as-required\" autocomplete=\"name\" aria-required=\"true\" aria-invalid=\"false\" value=\"\" type=\"text\" name=\"your-name\" \/><\/span><\/label>\n<\/p>\n<div class=\"container col-gap-40\">\n\t<div class=\"cell-gap-6 cell-gap-m-4 cell-gap-s-4\">\n\t\t<p><label class=\"wpcf7-form-control-wrap-handler\"><span class=\"label-handler\">Firma<\/span><span class=\"wpcf7-form-control-wrap\" data-name=\"your-company\"><input size=\"40\" maxlength=\"400\" class=\"wpcf7-form-control wpcf7-text\" autocomplete=\"organization\" aria-invalid=\"false\" value=\"\" type=\"text\" name=\"your-company\" \/><\/span><\/label>\n\t\t<\/p>\n\t<\/div>\n\t<div class=\"cell-gap-6 cell-gap-m-4 cell-gap-s-4\">\n\t\t<p><label class=\"wpcf7-form-control-wrap-handler\"><span class=\"label-handler\">Stanowisko<\/span><span class=\"wpcf7-form-control-wrap\" data-name=\"your-position\"><input size=\"40\" maxlength=\"400\" class=\"wpcf7-form-control wpcf7-text\" autocomplete=\"organization-title\" aria-invalid=\"false\" value=\"\" type=\"text\" name=\"your-position\" \/><\/span><\/label>\n\t\t<\/p>\n\t<\/div>\n\t<div class=\"cell-gap-6 cell-gap-m-4 cell-gap-s-4\">\n\t\t<p><label class=\"wpcf7-form-control-wrap-handler\"><span class=\"label-handler\">Adress e-mail *<\/span><span class=\"wpcf7-form-control-wrap\" data-name=\"your-email\"><input size=\"40\" maxlength=\"400\" class=\"wpcf7-form-control wpcf7-email wpcf7-validates-as-required wpcf7-text wpcf7-validates-as-email\" autocomplete=\"email\" aria-required=\"true\" aria-invalid=\"false\" value=\"\" type=\"email\" name=\"your-email\" \/><\/span><\/label>\n\t\t<\/p>\n\t<\/div>\n\t<div class=\"cell-gap-6 cell-gap-m-4 cell-gap-s-4\">\n\t\t<p><label class=\"wpcf7-form-control-wrap-handler\"><span class=\"label-handler\">Numer telefonu<\/span><span class=\"wpcf7-form-control-wrap\" data-name=\"your-tel\"><input size=\"40\" maxlength=\"400\" class=\"wpcf7-form-control wpcf7-tel wpcf7-text wpcf7-validates-as-tel\" autocomplete=\"tel\" aria-invalid=\"false\" value=\"\" type=\"tel\" name=\"your-tel\" \/><\/span><\/label>\n\t\t<\/p>\n\t<\/div>\n<\/div>\n<p><label class=\"wpcf7-form-control-wrap-handler\"><span class=\"label-handler\">Wiadomo\u015b\u0107 *<\/span><span class=\"wpcf7-form-control-wrap\" data-name=\"your-message\"><textarea cols=\"40\" rows=\"5\" maxlength=\"2000\" class=\"wpcf7-form-control wpcf7-textarea wpcf7-validates-as-required\" aria-required=\"true\" aria-invalid=\"false\" name=\"your-message\"><\/textarea><\/span><\/label>\n<\/p>\n<p><span class=\"wpcf7-form-control-wrap\" data-name=\"acceptance\"><span class=\"wpcf7-form-control wpcf7-acceptance\"><span class=\"wpcf7-list-item\"><label><input type=\"checkbox\" name=\"acceptance\" value=\"1\" aria-invalid=\"false\" \/><span class=\"wpcf7-list-item-label\">O\u015bwiadczam, \u017ce zapozna\u0142em si\u0119 z <a href=\"https:\/\/ddl-test.itdev.com.plpl\/regulamin\/\" target=\"_blank\" class=\"link\">Regulaminem<\/a> i akceptuj\u0119 jego tre\u015b\u0107.<\/span><\/label><\/span><\/span><\/span>\n<\/p>\n<span class=\"wpcf7-form-control-wrap post_id\" data-name=\"post_id\"><input type=\"hidden\" name=\"post_id\" class=\"wpcf7-form-control wpcf7-hidden wpcf7dtx wpcf7dtx-hidden\" aria-invalid=\"false\"><\/span>\n<span class=\"wpcf7-form-control-wrap path\" data-name=\"path\"><input type=\"hidden\" name=\"path\" class=\"wpcf7-form-control wpcf7-hidden wpcf7dtx wpcf7dtx-hidden\" aria-invalid=\"false\" value=\"\/pl\/wp-json\/wp\/v2\/pages\/2365\"><\/span>\n<input class=\"wpcf7-form-control wpcf7-hidden\" value=\"\" type=\"hidden\" name=\"utm_id\" \/>\n<input class=\"wpcf7-form-control wpcf7-hidden\" value=\"\" type=\"hidden\" name=\"utm_source\" \/>\n<input class=\"wpcf7-form-control wpcf7-hidden\" value=\"\" type=\"hidden\" name=\"utm_medium\" \/>\n<input class=\"wpcf7-form-control wpcf7-hidden\" value=\"\" type=\"hidden\" name=\"utm_term\" \/>\n<input class=\"wpcf7-form-control wpcf7-hidden\" value=\"\" type=\"hidden\" name=\"utm_content\" \/>\n<div class=\"wpcf7-turnstile cf-turnstile\" data-sitekey=\"0x4AAAAAACC0VMSn1FLgpz2y\" data-response-field-name=\"_wpcf7_turnstile_response\" data-size=\"flexible\" data-theme=\"light\" data-language=\"pl\"><\/div>\n<p><input class=\"wpcf7-form-control wpcf7-submit has-spinner button glass\" type=\"submit\" value=\"Wy\u015blij\" \/>\n<\/p><div class=\"wpcf7-response-output\" aria-hidden=\"true\"><\/div>\n<\/form>\n<\/div>\n\n","protected":false},"excerpt":{"rendered":"","protected":false},"author":12,"featured_media":0,"parent":0,"menu_order":0,"comment_status":"closed","ping_status":"closed","template":"templates\/page-contact-us.php","meta":{"inline_featured_image":false,"footnotes":""},"class_list":["post-2365","page","type-page","status-publish","hentry"],"yoast_head":"<!-- This site is optimized with the Yoast SEO plugin v27.4 - https:\/\/yoast.com\/product\/yoast-seo-wordpress\/ -->\n<title>Kontakt | Digital Dexterity Labs<\/title>\n<meta name=\"description\" content=\"Odkryj, jak nasza wiedza mo\u017ce wzmocni\u0107 Tw\u00f3j biznes. Skontaktuj si\u0119 z IT-Dev i odkryj, co mo\u017cemy razem osi\u0105gn\u0105\u0107!\" \/>\n<meta name=\"robots\" content=\"index, follow, max-snippet:-1, max-image-preview:large, max-video-preview:-1\" \/>\n<link rel=\"canonical\" href=\"https:\/\/ddl-test.itdev.com.pl\/pl\/kontakt\" \/>\n<meta property=\"og:locale\" content=\"pl_PL\" \/>\n<meta property=\"og:type\" content=\"article\" \/>\n<meta property=\"og:title\" content=\"Kontakt | Digital Dexterity Labs\" \/>\n<meta property=\"og:description\" content=\"Odkryj, jak nasza wiedza mo\u017ce wzmocni\u0107 Tw\u00f3j biznes. Skontaktuj si\u0119 z IT-Dev i odkryj, co mo\u017cemy razem osi\u0105gn\u0105\u0107!\" \/>\n<meta property=\"og:url\" content=\"https:\/\/ddl-test.itdev.com.pl\/pl\/kontakt\" \/>\n<meta property=\"og:site_name\" content=\"Digital Dexterity Labs\" \/>\n<meta property=\"article:publisher\" content=\"https:\/\/www.facebook.com\/DigitalDexterityLabs\/\" \/>\n<meta property=\"article:modified_time\" content=\"2025-01-31T08:56:49+00:00\" \/>\n<meta name=\"twitter:card\" content=\"summary_large_image\" \/>\n<meta name=\"twitter:site\" content=\"@DexterityLabs\" \/>\n<meta name=\"twitter:label1\" content=\"Szacowany czas czytania\" \/>\n\t<meta name=\"twitter:data1\" content=\"1 minuta\" \/>\n<script type=\"application\/ld+json\" class=\"yoast-schema-graph\">{\"@context\":\"https:\\\/\\\/schema.org\",\"@graph\":[{\"@type\":\"WebPage\",\"@id\":\"https:\\\/\\\/ddl-test.itdev.com.pl\\\/pl\\\/kontakt\",\"url\":\"https:\\\/\\\/ddl-test.itdev.com.pl\\\/pl\\\/kontakt\",\"name\":\"Kontakt | Digital Dexterity Labs\",\"isPartOf\":{\"@id\":\"https:\\\/\\\/ddl-test.itdev.com.pl\\\/pl\\\/#website\"},\"datePublished\":\"2023-09-13T07:49:00+00:00\",\"dateModified\":\"2025-01-31T08:56:49+00:00\",\"description\":\"Odkryj, jak nasza wiedza mo\u017ce wzmocni\u0107 Tw\u00f3j biznes. Skontaktuj si\u0119 z IT-Dev i odkryj, co mo\u017cemy razem osi\u0105gn\u0105\u0107!\",\"breadcrumb\":{\"@id\":\"https:\\\/\\\/ddl-test.itdev.com.pl\\\/pl\\\/kontakt#breadcrumb\"},\"inLanguage\":\"pl-PL\",\"potentialAction\":[{\"@type\":\"ReadAction\",\"target\":[\"https:\\\/\\\/ddl-test.itdev.com.pl\\\/pl\\\/kontakt\"]}]},{\"@type\":\"BreadcrumbList\",\"@id\":\"https:\\\/\\\/ddl-test.itdev.com.pl\\\/pl\\\/kontakt#breadcrumb\",\"itemListElement\":[{\"@type\":\"ListItem\",\"position\":1,\"name\":\"Strona g\u0142\u00f3wna\",\"item\":\"https:\\\/\\\/ddl-test.itdev.com.pl\\\/pl\"},{\"@type\":\"ListItem\",\"position\":2,\"name\":\"Kontakt\"}]},{\"@type\":\"WebSite\",\"@id\":\"https:\\\/\\\/ddl-test.itdev.com.pl\\\/pl\\\/#website\",\"url\":\"https:\\\/\\\/ddl-test.itdev.com.pl\\\/pl\\\/\",\"name\":\"Digital Dexterity Labs\",\"description\":\"Digital Community\",\"publisher\":{\"@id\":\"https:\\\/\\\/ddl-test.itdev.com.pl\\\/pl\\\/#organization\"},\"potentialAction\":[{\"@type\":\"SearchAction\",\"target\":{\"@type\":\"EntryPoint\",\"urlTemplate\":\"https:\\\/\\\/ddl-test.itdev.com.pl\\\/pl\\\/?s={search_term_string}\"},\"query-input\":{\"@type\":\"PropertyValueSpecification\",\"valueRequired\":true,\"valueName\":\"search_term_string\"}}],\"inLanguage\":\"pl-PL\"},{\"@type\":\"Organization\",\"@id\":\"https:\\\/\\\/ddl-test.itdev.com.pl\\\/pl\\\/#organization\",\"name\":\"Digital Dexterity Labs\",\"url\":\"https:\\\/\\\/ddl-test.itdev.com.pl\\\/pl\\\/\",\"logo\":{\"@type\":\"ImageObject\",\"inLanguage\":\"pl-PL\",\"@id\":\"https:\\\/\\\/ddl-test.itdev.com.pl\\\/pl\\\/#\\\/schema\\\/logo\\\/image\\\/\",\"url\":\"https:\\\/\\\/ddl-test.itdev.com.plwp-content\\\/uploads\\\/2024\\\/07\\\/digital-dexterity-labs-logo.svg\",\"contentUrl\":\"https:\\\/\\\/ddl-test.itdev.com.plwp-content\\\/uploads\\\/2024\\\/07\\\/digital-dexterity-labs-logo.svg\",\"width\":100,\"height\":100,\"caption\":\"Digital Dexterity Labs\"},\"image\":{\"@id\":\"https:\\\/\\\/ddl-test.itdev.com.pl\\\/pl\\\/#\\\/schema\\\/logo\\\/image\\\/\"},\"sameAs\":[\"https:\\\/\\\/www.facebook.com\\\/DigitalDexterityLabs\\\/\",\"https:\\\/\\\/x.com\\\/DexterityLabs\",\"https:\\\/\\\/www.linkedin.com\\\/company\\\/42418242\",\"https:\\\/\\\/www.youtube.com\\\/channel\\\/UCALBkEZ0YpXB1wuessassZw\\\/featured\",\"https:\\\/\\\/www.instagram.com\\\/digitaldexteritylabs\\\/\"]}]}<\/script>\n<!-- \/ Yoast SEO plugin. -->","yoast_head_json":{"title":"Kontakt | Digital Dexterity Labs","description":"Odkryj, jak nasza wiedza mo\u017ce wzmocni\u0107 Tw\u00f3j biznes. Skontaktuj si\u0119 z IT-Dev i odkryj, co mo\u017cemy razem osi\u0105gn\u0105\u0107!","robots":{"index":"index","follow":"follow","max-snippet":"max-snippet:-1","max-image-preview":"max-image-preview:large","max-video-preview":"max-video-preview:-1"},"canonical":"https:\/\/ddl-test.itdev.com.pl\/pl\/kontakt","og_locale":"pl_PL","og_type":"article","og_title":"Kontakt | Digital Dexterity Labs","og_description":"Odkryj, jak nasza wiedza mo\u017ce wzmocni\u0107 Tw\u00f3j biznes. Skontaktuj si\u0119 z IT-Dev i odkryj, co mo\u017cemy razem osi\u0105gn\u0105\u0107!","og_url":"https:\/\/ddl-test.itdev.com.pl\/pl\/kontakt","og_site_name":"Digital Dexterity Labs","article_publisher":"https:\/\/www.facebook.com\/DigitalDexterityLabs\/","article_modified_time":"2025-01-31T08:56:49+00:00","twitter_card":"summary_large_image","twitter_site":"@DexterityLabs","twitter_misc":{"Szacowany czas czytania":"1 minuta"},"schema":{"@context":"https:\/\/schema.org","@graph":[{"@type":"WebPage","@id":"https:\/\/ddl-test.itdev.com.pl\/pl\/kontakt","url":"https:\/\/ddl-test.itdev.com.pl\/pl\/kontakt","name":"Kontakt | Digital Dexterity Labs","isPartOf":{"@id":"https:\/\/ddl-test.itdev.com.pl\/pl\/#website"},"datePublished":"2023-09-13T07:49:00+00:00","dateModified":"2025-01-31T08:56:49+00:00","description":"Odkryj, jak nasza wiedza mo\u017ce wzmocni\u0107 Tw\u00f3j biznes. Skontaktuj si\u0119 z IT-Dev i odkryj, co mo\u017cemy razem osi\u0105gn\u0105\u0107!","breadcrumb":{"@id":"https:\/\/ddl-test.itdev.com.pl\/pl\/kontakt#breadcrumb"},"inLanguage":"pl-PL","potentialAction":[{"@type":"ReadAction","target":["https:\/\/ddl-test.itdev.com.pl\/pl\/kontakt"]}]},{"@type":"BreadcrumbList","@id":"https:\/\/ddl-test.itdev.com.pl\/pl\/kontakt#breadcrumb","itemListElement":[{"@type":"ListItem","position":1,"name":"Strona g\u0142\u00f3wna","item":"https:\/\/ddl-test.itdev.com.pl\/pl"},{"@type":"ListItem","position":2,"name":"Kontakt"}]},{"@type":"WebSite","@id":"https:\/\/ddl-test.itdev.com.pl\/pl\/#website","url":"https:\/\/ddl-test.itdev.com.pl\/pl\/","name":"Digital Dexterity Labs","description":"Digital Community","publisher":{"@id":"https:\/\/ddl-test.itdev.com.pl\/pl\/#organization"},"potentialAction":[{"@type":"SearchAction","target":{"@type":"EntryPoint","urlTemplate":"https:\/\/ddl-test.itdev.com.pl\/pl\/?s={search_term_string}"},"query-input":{"@type":"PropertyValueSpecification","valueRequired":true,"valueName":"search_term_string"}}],"inLanguage":"pl-PL"},{"@type":"Organization","@id":"https:\/\/ddl-test.itdev.com.pl\/pl\/#organization","name":"Digital Dexterity Labs","url":"https:\/\/ddl-test.itdev.com.pl\/pl\/","logo":{"@type":"ImageObject","inLanguage":"pl-PL","@id":"https:\/\/ddl-test.itdev.com.pl\/pl\/#\/schema\/logo\/image\/","url":"https:\/\/ddl-test.itdev.com.plwp-content\/uploads\/2024\/07\/digital-dexterity-labs-logo.svg","contentUrl":"https:\/\/ddl-test.itdev.com.plwp-content\/uploads\/2024\/07\/digital-dexterity-labs-logo.svg","width":100,"height":100,"caption":"Digital Dexterity Labs"},"image":{"@id":"https:\/\/ddl-test.itdev.com.pl\/pl\/#\/schema\/logo\/image\/"},"sameAs":["https:\/\/www.facebook.com\/DigitalDexterityLabs\/","https:\/\/x.com\/DexterityLabs","https:\/\/www.linkedin.com\/company\/42418242","https:\/\/www.youtube.com\/channel\/UCALBkEZ0YpXB1wuessassZw\/featured","https:\/\/www.instagram.com\/digitaldexteritylabs\/"]}]}},"acf":{"tytul_strony":"<h1>Kontakt<\/h1>\n","opis_strony":"<p>Masz pytania lub sugestie? Chcesz porozmawia\u0107 na temat naszych webinar\u00f3w? Napisz do nas!<\/p>\n","tekst_alternatywny_obrazka":"Skontaktuj si\u0119 z nami! Ch\u0119tnie ci\u0119 wys\u0142uchamy.","tekst_powitalny":"<h2 class=\"h1\" style=\"color: #e54218;\">Porozmawiajmy!<\/h2>\n<p>Szukasz idealnego rozwi\u0105zania dla swoich unikalnych wyzwa\u0144? Jeste\u015bmy tutaj, by zaoferowa\u0107 nasze do\u015bwiadczenie i kreatywno\u015b\u0107, pomagaj\u0105c Ci osi\u0105gn\u0105\u0107 cele. Niezale\u017cnie czy interesuje Ci\u0119 nasze umiej\u0119tno\u015bci, metody projektowe, najnowsze technologie czy chcesz wdro\u017cy\u0107 cyfrowe miejsce pracy, aby usprawni\u0107 swoje dzia\u0142ania, jeste\u015bmy tutaj, by Ci\u0119 wesprze\u0107. Po\u0142\u0105czmy si\u0119 i odkryjmy, co mo\u017cemy razem osi\u0105gn\u0105\u0107!<\/p>\n<p>&nbsp;<\/p>\n<div class=\"container-fluid col-gap-20\">\n<div class=\"cell-fluid \">\n<p>&nbsp;<\/p>\n<ul>\n<li><strong>IT-Dev sp. z o.o.<\/strong><\/li>\n<li>ul. Sikorskiego 26<\/li>\n<li>53-659 Wroc\u0142aw<\/li>\n<\/ul>\n<\/div>\n<div class=\"cell-fluid \">\n<p>&nbsp;<\/p>\n<ul>\n<li>tel. <a class=\"link\" href=\"tel:+48717234904\">+48 71 72 34 904<\/a><\/li>\n<li>fax. +48 71 72 34 630<\/li>\n<li><a class=\"link\" href=\"mailto:biuro@it-dev.pl\">biuro@it-dev.pl<\/a><\/li>\n<\/ul>\n<\/div>\n<\/div>\n","formularz_kontaktowy":"<h3 class=\"h4\" style=\"padding: 1.5em 0;\">Po\u0142\u0105czmy si\u0119 i odkryjmy, co mo\u017cemy razem osi\u0105gn\u0105\u0107!<\/h3>\n","obraz_naglowka":false,"obraz_naglowka_2x":false},"_links":{"self":[{"href":"https:\/\/ddl-test.itdev.com.pl\/pl\/wp-json\/wp\/v2\/pages\/2365","targetHints":{"allow":["GET"]}}],"collection":[{"href":"https:\/\/ddl-test.itdev.com.pl\/pl\/wp-json\/wp\/v2\/pages"}],"about":[{"href":"https:\/\/ddl-test.itdev.com.pl\/pl\/wp-json\/wp\/v2\/types\/page"}],"author":[{"embeddable":true,"href":"https:\/\/ddl-test.itdev.com.pl\/pl\/wp-json\/wp\/v2\/users\/12"}],"replies":[{"embeddable":true,"href":"https:\/\/ddl-test.itdev.com.pl\/pl\/wp-json\/wp\/v2\/comments?post=2365"}],"version-history":[{"count":10,"href":"https:\/\/ddl-test.itdev.com.pl\/pl\/wp-json\/wp\/v2\/pages\/2365\/revisions"}],"predecessor-version":[{"id":5036,"href":"https:\/\/ddl-test.itdev.com.pl\/pl\/wp-json\/wp\/v2\/pages\/2365\/revisions\/5036"}],"wp:attachment":[{"href":"https:\/\/ddl-test.itdev.com.pl\/pl\/wp-json\/wp\/v2\/media?parent=2365"}],"curies":[{"name":"wp","href":"https:\/\/api.w.org\/{rel}","templated":true}]}}